{"id":9,"date":"2010-07-08T06:34:37","date_gmt":"2010-07-08T06:34:37","guid":{"rendered":"http:\/\/henkilostopalvelut.avertas.fi\/?page_id=9"},"modified":"2022-09-30T08:45:32","modified_gmt":"2022-09-30T05:45:32","slug":"tyonantaja","status":"publish","type":"page","link":"https:\/\/henkilostopalvelut.avertas.fi\/?page_id=9","title":{"rendered":"Ty\u00f6nantajille"},"content":{"rendered":"\n<figure class=\"wp-block-image\"><img loading=\"lazy\" decoding=\"async\" width=\"1024\" height=\"556\" src=\"https:\/\/henkilostopalvelut.avertas.fi\/wp-content\/uploads\/2019\/07\/river-577256_1920mv-1024x556.jpg\" alt=\"\" class=\"wp-image-221\" srcset=\"https:\/\/henkilostopalvelut.avertas.fi\/wp-content\/uploads\/2019\/07\/river-577256_1920mv-1024x556.jpg 1024w, https:\/\/henkilostopalvelut.avertas.fi\/wp-content\/uploads\/2019\/07\/river-577256_1920mv-300x163.jpg 300w, https:\/\/henkilostopalvelut.avertas.fi\/wp-content\/uploads\/2019\/07\/river-577256_1920mv-768x417.jpg 768w, https:\/\/henkilostopalvelut.avertas.fi\/wp-content\/uploads\/2019\/07\/river-577256_1920mv.jpg 1920w\" sizes=\"(max-width: 1024px) 100vw, 1024px\" \/><\/figure>\n\n\n\n<h2 class=\"wp-block-heading\">Henkil\u00f6st\u00f6vuokraus<\/h2>\n\n\n\n<p>Henkil\u00f6st\u00f6vuokrauksessa Avertas hoitaa kaikki lakis\u00e4\u00e4teiset ty\u00f6nantajavelvoitteet yrityksenne puolesta. Vastuullemme kuuluu mm. rekrytointiprosessi alusta loppuun, ty\u00f6sopimusten ja ty\u00f6todistusten teko, palkanmaksu, ty\u00f6terveyshuolto, vakuutuukset sek\u00e4 tarvittavat ty\u00f6vaatteet ja koulutukset. Yrityksenne teht\u00e4v\u00e4ksi j\u00e4\u00e4 siis ainoastaan ty\u00f6ntekij\u00e4n perehdytys teht\u00e4viins\u00e4 sek\u00e4 ty\u00f6n johtaminen ja valvominen. Helppoa! Veloitamme henkil\u00f6st\u00f6vuokrauksesta sopimuksen mukaan.<\/p>\n\n\n\n<h2 class=\"wp-block-heading\">Rekrytointi<\/h2>\n\n\n\n<p>Voitte my\u00f6s halutessanne k\u00e4ytt\u00e4\u00e4 rekrytointipalvelujamme, jolloin Avertas hoitaa koko rekrytointiprosessin yrityksenne puolesta. Erona henkil\u00f6st\u00f6vuokrauksen ja rekrytointipalveluidemme v\u00e4lill\u00e4 on se, ett\u00e4 valittu ty\u00f6ntekij\u00e4 palkataan suoraan yrityksenne kirjoille. Me siis huolehdimme kaikista rekrytointiprosessin aikaa vievimmist\u00e4 osuuksista, kuten esimerkiksi ty\u00f6paikkailmoitusten teosta,  ilmoitusten markkinoinnista, tiedusteluihin vastaamisesta sek\u00e4 tietysti haastatteluista. Esittelemme lopuksi yrityksellenne sopivimman ty\u00f6nhakijaehdokkaat.  Veloitamme onnistuneesta rekrytoinnista vain ennalta sovitun kertakustanteen.<\/p>\n\n\n\n<h2 class=\"wp-block-heading\">Ulkoistamispalvelut<\/h2>\n\n\n\n<p>Avertas tarjoaa erilaiset ulkoistamispalvelut joustavasti yrityksenne tarpeisiin. Ulkoistamalla ty\u00f6nantajavelvoitteet meille, yrityksellenne j\u00e4\u00e4 enemm\u00e4n aikaa keskitty\u00e4 muihin t\u00e4rkeisiin asioihin.<\/p>\n\n\n\n<p>Voit olla meihin yhteydess\u00e4 puhelimitse, s\u00e4hk\u00f6postitse, sosiaalisen median kanavissa tai t\u00e4ytt\u00e4m\u00e4ll\u00e4 <a href=\"https:\/\/henkilostopalvelut.avertas.fi\/?page_id=13\">yhteydenottolomakkeen<\/a>.<\/p>\n\n\n\n<h2 class=\"wp-block-heading\">Varaa aikasi konsultaatioon<\/h2>\n\n\n\n<p>Hei yritt\u00e4j\u00e4, oletko kiinnostunut k\u00e4ytt\u00e4m\u00e4\u00e4n henkil\u00f6st\u00f6palveluja rekrytoinnin apuna? Varaa aikasi alla olevasta varauskalenteristamme ilmaiseen konsultaatioon, niin voimme k\u00e4yd\u00e4 tarkemmin l\u00e4pi yrityksenne tarpeita. Voit sopia tapaamisen myyntikoordinaattorimme kanssa joko puhelimitse, kasvotusten tai et\u00e4yhteydell\u00e4. Teemme konsultaatiok\u00e4yntej\u00e4 asiakkaiden luona p\u00e4\u00e4s\u00e4\u00e4nt\u00f6isesti Turun talousalueella, mutta l\u00e4hdemme sopimuksen mukaan my\u00f6s kauemmaksi.<\/p>\n\n\n\n<div style=\"height:40px\" aria-hidden=\"true\" class=\"wp-block-spacer\"><\/div>\n\n\n<p><center><script id=\"setmore_script\" type=\"text\/javascript\" src=\"https:\/\/my.setmore.com\/webapp\/js\/src\/others\/setmore_iframe.js\"><\/script><a id=\"Setmore_button_iframe\" style=\"float:none\" href=\"https:\/\/my.setmore.com\/bookingpage\/a276a71d-7f22-4ad7-9377-066caf7dd187\"><img decoding=\"async\" border=\"none\" src=\"https:\/\/henkilostopalvelut.avertas.fi\/wp-content\/uploads\/2021\/01\/VARAA_AIKA2-e1611731271820.png\" alt=\"Book an appointment with Avertas Oy using Setmore\"><\/a><\/center><\/p>\n\n\n\n<div style=\"height:20px\" aria-hidden=\"true\" class=\"wp-block-spacer\"><\/div>\n\n\n\n<div class=\"wp-block-image\"><figure class=\"aligncenter is-resized\"><a href=\"https:\/\/instagram.com\/avertas_henkilostopalvelut?igshid=17idgbdevea6g\" target=\"_blank\" rel=\"noreferrer noopener\"><img loading=\"lazy\" decoding=\"async\" src=\"https:\/\/henkilostopalvelut.avertas.fi\/wp-content\/uploads\/2021\/01\/300px-Instagram_logo_2016-2.jpg\" alt=\"\" class=\"wp-image-522\" width=\"40\" height=\"40\" srcset=\"https:\/\/henkilostopalvelut.avertas.fi\/wp-content\/uploads\/2021\/01\/300px-Instagram_logo_2016-2.jpg 300w, https:\/\/henkilostopalvelut.avertas.fi\/wp-content\/uploads\/2021\/01\/300px-Instagram_logo_2016-2-150x150.jpg 150w, https:\/\/henkilostopalvelut.avertas.fi\/wp-content\/uploads\/2021\/01\/300px-Instagram_logo_2016-2-100x100.jpg 100w\" sizes=\"(max-width: 40px) 100vw, 40px\" \/><\/a><\/figure><\/div>\n\n\n\n<div class=\"wp-block-image\"><figure class=\"aligncenter is-resized\"><a href=\"https:\/\/www.linkedin.com\/company\/avertashenkilostopalvelut\" target=\"_blank\" rel=\"noreferrer noopener\"><img loading=\"lazy\" decoding=\"async\" src=\"https:\/\/henkilostopalvelut.avertas.fi\/wp-content\/uploads\/2021\/01\/Linkedin-Logo-700x394-4.png\" alt=\"\" class=\"wp-image-485\" width=\"81\" height=\"46\" srcset=\"https:\/\/henkilostopalvelut.avertas.fi\/wp-content\/uploads\/2021\/01\/Linkedin-Logo-700x394-4.png 700w, https:\/\/henkilostopalvelut.avertas.fi\/wp-content\/uploads\/2021\/01\/Linkedin-Logo-700x394-4-300x169.png 300w\" sizes=\"(max-width: 81px) 100vw, 81px\" \/><\/a><\/figure><\/div>\n\n\n\n<div class=\"wp-block-image\"><figure class=\"aligncenter is-resized\"><a href=\"https:\/\/www.facebook.com\/avertashenkilostopalvelut\/\" target=\"_blank\" rel=\"noreferrer noopener\"><img loading=\"lazy\" decoding=\"async\" src=\"https:\/\/henkilostopalvelut.avertas.fi\/wp-content\/uploads\/2021\/06\/Facebook-logo-1024x918.png\" alt=\"\" class=\"wp-image-955\" width=\"80\" height=\"71\" srcset=\"https:\/\/henkilostopalvelut.avertas.fi\/wp-content\/uploads\/2021\/06\/Facebook-logo-1024x918.png 1024w, https:\/\/henkilostopalvelut.avertas.fi\/wp-content\/uploads\/2021\/06\/Facebook-logo-300x269.png 300w, https:\/\/henkilostopalvelut.avertas.fi\/wp-content\/uploads\/2021\/06\/Facebook-logo-768x689.png 768w, https:\/\/henkilostopalvelut.avertas.fi\/wp-content\/uploads\/2021\/06\/Facebook-logo.png 1403w\" sizes=\"(max-width: 80px) 100vw, 80px\" \/><\/a><\/figure><\/div>\n","protected":false},"excerpt":{"rendered":"<p>Henkil\u00f6st\u00f6vuokraus Henkil\u00f6st\u00f6vuokrauksessa Avertas hoitaa kaikki lakis\u00e4\u00e4teiset ty\u00f6nantajavelvoitteet yrityksenne puolesta. Vastuullemme kuuluu mm. rekrytointiprosessi alusta loppuun, ty\u00f6sopimusten ja ty\u00f6todistusten teko, palkanmaksu, ty\u00f6terveyshuolto, vakuutuukset sek\u00e4 tarvittavat ty\u00f6vaatteet ja koulutukset. Yrityksenne teht\u00e4v\u00e4ksi j\u00e4\u00e4 siis ainoastaan ty\u00f6ntekij\u00e4n perehdytys teht\u00e4viins\u00e4 sek\u00e4 ty\u00f6n johtaminen ja valvominen. Helppoa! Veloitamme henkil\u00f6st\u00f6vuokrauksesta sopimuksen mukaan. Rekrytointi Voitte my\u00f6s halutessanne k\u00e4ytt\u00e4\u00e4 rekrytointipalvelujamme, jolloin Avertas hoitaa koko&#8230;<\/p>\n","protected":false},"author":1,"featured_media":0,"parent":0,"menu_order":0,"comment_status":"closed","ping_status":"closed","template":"","meta":{"footnotes":""},"_links":{"self":[{"href":"https:\/\/henkilostopalvelut.avertas.fi\/index.php?rest_route=\/wp\/v2\/pages\/9"}],"collection":[{"href":"https:\/\/henkilostopalvelut.avertas.fi\/index.php?rest_route=\/wp\/v2\/pages"}],"about":[{"href":"https:\/\/henkilostopalvelut.avertas.fi\/index.php?rest_route=\/wp\/v2\/types\/page"}],"author":[{"embeddable":true,"href":"https:\/\/henkilostopalvelut.avertas.fi\/index.php?rest_route=\/wp\/v2\/users\/1"}],"replies":[{"embeddable":true,"href":"https:\/\/henkilostopalvelut.avertas.fi\/index.php?rest_route=%2Fwp%2Fv2%2Fcomments&post=9"}],"version-history":[{"count":70,"href":"https:\/\/henkilostopalvelut.avertas.fi\/index.php?rest_route=\/wp\/v2\/pages\/9\/revisions"}],"predecessor-version":[{"id":1651,"href":"https:\/\/henkilostopalvelut.avertas.fi\/index.php?rest_route=\/wp\/v2\/pages\/9\/revisions\/1651"}],"wp:attachment":[{"href":"https:\/\/henkilostopalvelut.avertas.fi\/index.php?rest_route=%2Fwp%2Fv2%2Fmedia&parent=9"}],"curies":[{"name":"wp","href":"https:\/\/api.w.org\/{rel}","templated":true}]}}