{"id":7,"date":"2010-07-08T06:31:57","date_gmt":"2010-07-08T06:31:57","guid":{"rendered":"http:\/\/henkilostopalvelut.avertas.fi\/?page_id=7"},"modified":"2023-01-18T13:32:47","modified_gmt":"2023-01-18T11:32:47","slug":"tyonhakija","status":"publish","type":"page","link":"https:\/\/henkilostopalvelut.avertas.fi\/?page_id=7","title":{"rendered":"Ty\u00f6nhakijoille"},"content":{"rendered":"\n<figure class=\"wp-block-image\"><img loading=\"lazy\" decoding=\"async\" width=\"1024\" height=\"323\" src=\"https:\/\/henkilostopalvelut.avertas.fi\/wp-content\/uploads\/2021\/01\/KUVAKOLLAASI_v\u00e4rillinen-1024x323.jpg\" alt=\"\" class=\"wp-image-514\" srcset=\"https:\/\/henkilostopalvelut.avertas.fi\/wp-content\/uploads\/2021\/01\/KUVAKOLLAASI_v\u00e4rillinen-1024x323.jpg 1024w, https:\/\/henkilostopalvelut.avertas.fi\/wp-content\/uploads\/2021\/01\/KUVAKOLLAASI_v\u00e4rillinen-300x95.jpg 300w, https:\/\/henkilostopalvelut.avertas.fi\/wp-content\/uploads\/2021\/01\/KUVAKOLLAASI_v\u00e4rillinen-768x242.jpg 768w\" sizes=\"(max-width: 1024px) 100vw, 1024px\" \/><\/figure>\n\n\n\n<h2 class=\"wp-block-heading\">Mit\u00e4 tarkoittaa vuokraty\u00f6paikka?<\/h2>\n\n\n\n<p>Avertas henkil\u00f6st\u00f6palvelut toimii henkil\u00f6st\u00f6vuokrauksessa ty\u00f6nantajanasi. Me hoidamme puolestasi kaikki lakis\u00e4\u00e4teiset ty\u00f6nantajavelvoitteet, kuten palkanmaksun, ty\u00f6terveyshuollon, mahdolliset ty\u00f6ss\u00e4 vaadittavat koulutukset sek\u00e4 ty\u00f6sopimuksen tekemisen. <\/p>\n\n\n\n<p>Vuokraty\u00f6t\u00e4 voi tehd\u00e4 vakituisessa,- tai osa-aikaisessa ty\u00f6suhteessa.<\/p>\n\n\n\n<p>Teemme my\u00f6s rekrytoimeksiantosopimuksia yritysasiakkaidemme kanssa, jolloin hoidamme heid\u00e4n puolestaan vain haastattelu osuuden. N\u00e4in ollen ty\u00f6ntekij\u00e4 solmii ty\u00f6sopimuksen suoraan kyseess\u00e4 olevan yrityksen kanssa.<\/p>\n\n\n<div id=\"content\">\n<div class=\"post\">\n<p>Voit hakea avoimiin ty\u00f6paikkoihimme l\u00e4hett\u00e4m\u00e4ll\u00e4 hakemuksesi s\u00e4hk\u00f6postitse tai t\u00e4ytt\u00e4m\u00e4ll\u00e4 alla olevan ty\u00f6nhakulomakeen.<\/p>\n<h2 class=\"title\">Ty\u00f6nhakulomake<\/h2>\n<div class=\"entry\"><em>T\u00e4hdell\u00e4 (*) -merkityt kent\u00e4t ovat pakollisia.<\/em>\n<div class=\"wpcf7 no-js\" id=\"wpcf7-f271-o1\" lang=\"en\" dir=\"ltr\">\n<div class=\"screen-reader-response\"><p role=\"status\" aria-live=\"polite\" aria-atomic=\"true\"><\/p> <ul><\/ul><\/div>\n<form action=\"\/index.php?rest_route=%2Fwp%2Fv2%2Fpages%2F7#wpcf7-f271-o1\" method=\"post\" class=\"wpcf7-form init\" aria-label=\"Yhteydenottolomake\" novalidate=\"novalidate\" data-status=\"init\">\n<div style=\"display: none;\">\n<input type=\"hidden\" name=\"_wpcf7\" value=\"271\" \/>\n<input type=\"hidden\" name=\"_wpcf7_version\" value=\"5.9.4\" \/>\n<input type=\"hidden\" name=\"_wpcf7_locale\" value=\"en\" \/>\n<input type=\"hidden\" name=\"_wpcf7_unit_tag\" value=\"wpcf7-f271-o1\" \/>\n<input type=\"hidden\" name=\"_wpcf7_container_post\" value=\"0\" \/>\n<input type=\"hidden\" name=\"_wpcf7_posted_data_hash\" value=\"\" \/>\n<\/div>\n<p><label> * Haettava ty\u00f6teht\u00e4v\u00e4:<br \/>\n<span class=\"wpcf7-form-control-wrap\" data-name=\"haettavatyo\"><input size=\"40\" class=\"wpcf7-form-control wpcf7-text wpcf7-validates-as-required\" aria-required=\"true\" aria-invalid=\"false\" value=\"\" type=\"text\" name=\"haettavatyo\" \/><\/span> <\/label>\n<\/p>\n<p><label> * S\u00e4hk\u00f6postiosoite:<br \/>\n<span class=\"wpcf7-form-control-wrap\" data-name=\"your-email\"><input size=\"40\" class=\"wpcf7-form-control wpcf7-email wpcf7-validates-as-required wpcf7-text wpcf7-validates-as-email\" aria-required=\"true\" aria-invalid=\"false\" value=\"\" type=\"email\" name=\"your-email\" \/><\/span> <\/label>\n<\/p>\n<p><label> * Nimi:<br \/>\n<span class=\"wpcf7-form-control-wrap\" data-name=\"your-name\"><input size=\"40\" class=\"wpcf7-form-control wpcf7-text wpcf7-validates-as-required\" aria-required=\"true\" aria-invalid=\"false\" value=\"\" type=\"text\" name=\"your-name\" \/><\/span> <\/label>\n<\/p>\n<p><label> * Syntym\u00e4aika:<br \/>\n<span class=\"wpcf7-form-control-wrap\" data-name=\"syntaika\"><input size=\"40\" class=\"wpcf7-form-control wpcf7-text wpcf7-validates-as-required\" aria-required=\"true\" aria-invalid=\"false\" value=\"\" type=\"text\" name=\"syntaika\" \/><\/span> <\/label>\n<\/p>\n<p><label> * Osoite:<br \/>\n<span class=\"wpcf7-form-control-wrap\" data-name=\"osoite\"><input size=\"40\" class=\"wpcf7-form-control wpcf7-text wpcf7-validates-as-required\" aria-required=\"true\" aria-invalid=\"false\" value=\"\" type=\"text\" name=\"osoite\" \/><\/span> <\/label>\n<\/p>\n<p><label> * Postinumero:<br \/>\n<span class=\"wpcf7-form-control-wrap\" data-name=\"postino\"><input size=\"40\" class=\"wpcf7-form-control wpcf7-text wpcf7-validates-as-required\" aria-required=\"true\" aria-invalid=\"false\" value=\"\" type=\"text\" name=\"postino\" \/><\/span> <\/label>\n<\/p>\n<p><label> * Postitoimipaikka:<br \/>\n<span class=\"wpcf7-form-control-wrap\" data-name=\"postipaikka\"><input size=\"40\" class=\"wpcf7-form-control wpcf7-text wpcf7-validates-as-required\" aria-required=\"true\" aria-invalid=\"false\" value=\"\" type=\"text\" name=\"postipaikka\" \/><\/span> <\/label>\n<\/p>\n<p><label> * Mahdollinen aloitusaika:<br \/>\n<span class=\"wpcf7-form-control-wrap\" data-name=\"aloitusaika\"><input size=\"40\" class=\"wpcf7-form-control wpcf7-text wpcf7-validates-as-required\" aria-required=\"true\" aria-invalid=\"false\" value=\"\" type=\"text\" name=\"aloitusaika\" \/><\/span> <\/label>\n<\/p>\n<p><label> * Puhelinnumero:<br \/>\n<span class=\"wpcf7-form-control-wrap\" data-name=\"puhelin\"><input size=\"40\" class=\"wpcf7-form-control wpcf7-text wpcf7-validates-as-required\" aria-required=\"true\" aria-invalid=\"false\" value=\"\" type=\"text\" name=\"puhelin\" \/><\/span> <\/label>\n<\/p>\n<p><label> Peruskoulutus:<\/label><br \/>\n<span class=\"wpcf7-form-control-wrap\" data-name=\"Peruskoulutus\"><select class=\"wpcf7-form-control wpcf7-select\" aria-invalid=\"false\" name=\"Peruskoulutus\"><option value=\"\"><\/option><option value=\"Peruskoulu\">Peruskoulu<\/option><option value=\"Ylioppilas\">Ylioppilas<\/option><option value=\"Muu\">Muu<\/option><\/select><\/span>\n<\/p>\n<p><label> Koulutus \u2013 Linja \/ Suoritusvuosi:<br \/>\n<span class=\"wpcf7-form-control-wrap\" data-name=\"koulutuslinja\"><input size=\"40\" class=\"wpcf7-form-control wpcf7-text\" aria-invalid=\"false\" value=\"\" type=\"text\" name=\"koulutuslinja\" \/><\/span> <\/label>\n<\/p>\n<p><label> Muu koulutus ja erikoisosaaminen:<br \/>\n<span class=\"wpcf7-form-control-wrap\" data-name=\"muukoulutus\"><input size=\"40\" class=\"wpcf7-form-control wpcf7-text\" aria-invalid=\"false\" value=\"\" type=\"text\" name=\"muukoulutus\" \/><\/span> <\/label>\n<\/p>\n<p><label> \u00c4idinkieli:<br \/>\n<span class=\"wpcf7-form-control-wrap\" data-name=\"aidinkieli\"><input size=\"20\" class=\"wpcf7-form-control wpcf7-text\" aria-invalid=\"false\" value=\"\" type=\"text\" name=\"aidinkieli\" \/><\/span> <\/label>\n<\/p>\n<p><label> Ruotsi: <\/label><br \/>\n<span class=\"wpcf7-form-control-wrap\" data-name=\"Ruotsi\"><select class=\"wpcf7-form-control wpcf7-select\" aria-invalid=\"false\" name=\"Ruotsi\"><option value=\"\">&#8212;Valitse vaihtoehto&#8212;<\/option><option value=\"Kiitett\u00e4v\u00e4\">Kiitett\u00e4v\u00e4<\/option><option value=\"Hyv\u00e4\">Hyv\u00e4<\/option><option value=\"Tyydytt\u00e4v\u00e4\">Tyydytt\u00e4v\u00e4<\/option><option value=\"Heikko\">Heikko<\/option><\/select><\/span>\n<\/p>\n<p><label> Englanti:<\/label><br \/>\n<span class=\"wpcf7-form-control-wrap\" data-name=\"Englanti\"><select class=\"wpcf7-form-control wpcf7-select\" aria-invalid=\"false\" name=\"Englanti\"><option value=\"\">&#8212;Valitse vaihtoehto&#8212;<\/option><option value=\"Kiitett\u00e4v\u00e4\">Kiitett\u00e4v\u00e4<\/option><option value=\"Hyv\u00e4\">Hyv\u00e4<\/option><option value=\"Tyydytt\u00e4v\u00e4\">Tyydytt\u00e4v\u00e4<\/option><option value=\"Heikko\">Heikko<\/option><\/select><\/span>\n<\/p>\n<p><label> Muu (kielitaito):<br \/>\n<span class=\"wpcf7-form-control-wrap\" data-name=\"muukieli\"><input size=\"40\" class=\"wpcf7-form-control wpcf7-text\" aria-invalid=\"false\" value=\"\" type=\"text\" name=\"muukieli\" \/><\/span> <\/label>\n<\/p>\n<p><label> Palkkatoivomus: (Euro \/ h)<br \/>\n<span class=\"wpcf7-form-control-wrap\" data-name=\"palkkatoive\"><input size=\"40\" class=\"wpcf7-form-control wpcf7-text\" aria-invalid=\"false\" value=\"\" type=\"text\" name=\"palkkatoive\" \/><\/span> <\/label>\n<\/p>\n<p><label> Ajokorttiluokka:<br \/>\n<span class=\"wpcf7-form-control-wrap\" data-name=\"ajokorttiluokka\"><input size=\"40\" class=\"wpcf7-form-control wpcf7-text\" aria-invalid=\"false\" value=\"\" type=\"text\" name=\"ajokorttiluokka\" \/><\/span> <\/label>\n<\/p>\n<p><label> Auto k\u00e4yt\u00f6ss\u00e4:<\/label><br \/>\n<span class=\"wpcf7-form-control-wrap\" data-name=\"autokaytossa\"><select class=\"wpcf7-form-control wpcf7-select\" aria-invalid=\"false\" name=\"autokaytossa\"><option value=\"\">&#8212;Valitse vaihtoehto&#8212;<\/option><option value=\"Kyll\u00e4\">Kyll\u00e4<\/option><option value=\"Ei\">Ei<\/option><\/select><\/span>\n<\/p>\n<p><label> Ty\u00f6turvallisuuskortti:<\/label><br \/>\n<span class=\"wpcf7-form-control-wrap\" data-name=\"Turvakortti\"><select class=\"wpcf7-form-control wpcf7-select\" aria-invalid=\"false\" name=\"Turvakortti\"><option value=\"\">&#8212;Valitse vaihtoehto&#8212;<\/option><option value=\"Kyll\u00e4\">Kyll\u00e4<\/option><option value=\"Ei\">Ei<\/option><\/select><\/span>\n<\/p>\n<p><label> Tulity\u00f6kortti:<\/label><br \/>\n<span class=\"wpcf7-form-control-wrap\" data-name=\"Tulityo\"><select class=\"wpcf7-form-control wpcf7-select\" aria-invalid=\"false\" name=\"Tulityo\"><option value=\"\">&#8212;Valitse vaihtoehto&#8212;<\/option><option value=\"Kyll\u00e4\">Kyll\u00e4<\/option><option value=\"Ei\">Ei<\/option><\/select><\/span>\n<\/p>\n<p><label> Hygieniapassi:<\/label><br \/>\n<span class=\"wpcf7-form-control-wrap\" data-name=\"Hygieniapassi\"><select class=\"wpcf7-form-control wpcf7-select\" aria-invalid=\"false\" name=\"Hygieniapassi\"><option value=\"\">&#8212;Valitse vaihtoehto&#8212;<\/option><option value=\"Kyll\u00e4\">Kyll\u00e4<\/option><option value=\"Ei\">Ei<\/option><\/select><\/span>\n<\/p>\n<p><label> * Kerro v\u00e4h\u00e4n itsest\u00e4si (mm. miksi haet t\u00e4h\u00e4n ty\u00f6h\u00f6n?):<br \/>\n<\/label><br \/>\n<span class=\"wpcf7-form-control-wrap\" data-name=\"textarea-968\"><textarea cols=\"40\" rows=\"10\" class=\"wpcf7-form-control wpcf7-textarea\" aria-invalid=\"false\" name=\"textarea-968\"><\/textarea><\/span>\n<\/p>\n<p><label> * Ty\u00f6kokemus (Yrityksen nimi \/ Ty\u00f6teht\u00e4v\u00e4 \/ Ajankohta)<br \/>\nAloita viimeisimm\u00e4st\u00e4:<\/label><br \/>\n<span class=\"wpcf7-form-control-wrap\" data-name=\"textarea-968\"><textarea cols=\"40\" rows=\"10\" class=\"wpcf7-form-control wpcf7-textarea\" aria-invalid=\"false\" name=\"textarea-968\"><\/textarea><\/span>\n<\/p>\n<p><input class=\"wpcf7-form-control wpcf7-submit has-spinner\" type=\"submit\" value=\"L\u00e4het\u00e4\" \/>\n<\/p><div class=\"wpcf7-response-output\" aria-hidden=\"true\"><\/div>\n<\/form>\n<\/div>\n<p><\/p>\n<\/div>\n<\/div>\n<\/div>\n<p><!-- end content --><\/p>","protected":false},"excerpt":{"rendered":"<p>Mit\u00e4 tarkoittaa vuokraty\u00f6paikka? Avertas henkil\u00f6st\u00f6palvelut toimii henkil\u00f6st\u00f6vuokrauksessa ty\u00f6nantajanasi. Me hoidamme puolestasi kaikki lakis\u00e4\u00e4teiset ty\u00f6nantajavelvoitteet, kuten palkanmaksun, ty\u00f6terveyshuollon, mahdolliset ty\u00f6ss\u00e4 vaadittavat koulutukset sek\u00e4 ty\u00f6sopimuksen tekemisen. Vuokraty\u00f6t\u00e4 voi tehd\u00e4 vakituisessa,- tai osa-aikaisessa ty\u00f6suhteessa. Teemme my\u00f6s rekrytoimeksiantosopimuksia yritysasiakkaidemme kanssa, jolloin hoidamme heid\u00e4n puolestaan vain haastattelu osuuden. N\u00e4in ollen ty\u00f6ntekij\u00e4 solmii ty\u00f6sopimuksen suoraan kyseess\u00e4 olevan yrityksen kanssa. Voit hakea&#8230;<\/p>\n","protected":false},"author":1,"featured_media":0,"parent":0,"menu_order":0,"comment_status":"closed","ping_status":"closed","template":"","meta":{"footnotes":""},"_links":{"self":[{"href":"https:\/\/henkilostopalvelut.avertas.fi\/index.php?rest_route=\/wp\/v2\/pages\/7"}],"collection":[{"href":"https:\/\/henkilostopalvelut.avertas.fi\/index.php?rest_route=\/wp\/v2\/pages"}],"about":[{"href":"https:\/\/henkilostopalvelut.avertas.fi\/index.php?rest_route=\/wp\/v2\/types\/page"}],"author":[{"embeddable":true,"href":"https:\/\/henkilostopalvelut.avertas.fi\/index.php?rest_route=\/wp\/v2\/users\/1"}],"replies":[{"embeddable":true,"href":"https:\/\/henkilostopalvelut.avertas.fi\/index.php?rest_route=%2Fwp%2Fv2%2Fcomments&post=7"}],"version-history":[{"count":83,"href":"https:\/\/henkilostopalvelut.avertas.fi\/index.php?rest_route=\/wp\/v2\/pages\/7\/revisions"}],"predecessor-version":[{"id":1423,"href":"https:\/\/henkilostopalvelut.avertas.fi\/index.php?rest_route=\/wp\/v2\/pages\/7\/revisions\/1423"}],"wp:attachment":[{"href":"https:\/\/henkilostopalvelut.avertas.fi\/index.php?rest_route=%2Fwp%2Fv2%2Fmedia&parent=7"}],"curies":[{"name":"wp","href":"https:\/\/api.w.org\/{rel}","templated":true}]}}