{"id":1432,"date":"2023-01-18T13:48:20","date_gmt":"2023-01-18T11:48:20","guid":{"rendered":"https:\/\/henkilostopalvelut.avertas.fi\/?page_id=1432"},"modified":"2023-01-18T13:52:09","modified_gmt":"2023-01-18T11:52:09","slug":"tyontekijatyytyvaisyyskysely","status":"publish","type":"page","link":"https:\/\/henkilostopalvelut.avertas.fi\/?page_id=1432","title":{"rendered":"Ty\u00f6ntekij\u00e4tyytyv\u00e4isyyskysely"},"content":{"rendered":"","protected":true},"excerpt":{"rendered":"","protected":true},"author":2,"featured_media":0,"parent":0,"menu_order":0,"comment_status":"closed","ping_status":"closed","template":"","meta":{"footnotes":""},"_links":{"self":[{"href":"https:\/\/henkilostopalvelut.avertas.fi\/index.php?rest_route=\/wp\/v2\/pages\/1432"}],"collection":[{"href":"https:\/\/henkilostopalvelut.avertas.fi\/index.php?rest_route=\/wp\/v2\/pages"}],"about":[{"href":"https:\/\/henkilostopalvelut.avertas.fi\/index.php?rest_route=\/wp\/v2\/types\/page"}],"author":[{"embeddable":true,"href":"https:\/\/henkilostopalvelut.avertas.fi\/index.php?rest_route=\/wp\/v2\/users\/2"}],"replies":[{"embeddable":true,"href":"https:\/\/henkilostopalvelut.avertas.fi\/index.php?rest_route=%2Fwp%2Fv2%2Fcomments&post=1432"}],"version-history":[{"count":5,"href":"https:\/\/henkilostopalvelut.avertas.fi\/index.php?rest_route=\/wp\/v2\/pages\/1432\/revisions"}],"predecessor-version":[{"id":1441,"href":"https:\/\/henkilostopalvelut.avertas.fi\/index.php?rest_route=\/wp\/v2\/pages\/1432\/revisions\/1441"}],"wp:attachment":[{"href":"https:\/\/henkilostopalvelut.avertas.fi\/index.php?rest_route=%2Fwp%2Fv2%2Fmedia&parent=1432"}],"curies":[{"name":"wp","href":"https:\/\/api.w.org\/{rel}","templated":true}]}}