{"id":1085,"date":"2022-09-30T15:00:08","date_gmt":"2022-09-30T12:00:08","guid":{"rendered":"https:\/\/henkilostopalvelut.avertas.fi\/?page_id=1085"},"modified":"2024-05-21T16:08:16","modified_gmt":"2024-05-21T13:08:16","slug":"avoimet-tyopaikat","status":"publish","type":"page","link":"https:\/\/henkilostopalvelut.avertas.fi\/?page_id=1085","title":{"rendered":"AVERTAS \/ Avoimet ty\u00f6paikat"},"content":{"rendered":"\n<p class=\"has-small-font-size\">P\u00e4ivitetty 21.5.2024<\/p>\n\n\n\n<h2 class=\"wp-block-heading\">Rakennusalan osaaja \/ Construction industry<\/h2>\n\n\n\n<hr class=\"wp-block-separator has-alpha-channel-opacity\"\/>\n\n\n\n<div class=\"wp-block-cover wp-duotone-grayscale\"><span aria-hidden=\"true\" class=\"wp-block-cover__background has-background-dim\"><\/span><img loading=\"lazy\" decoding=\"async\" width=\"1024\" height=\"683\" class=\"wp-block-cover__image-background wp-image-1687\" alt=\"\" src=\"https:\/\/henkilostopalvelut.avertas.fi\/wp-content\/uploads\/2024\/05\/image-8-1024x683.png\" data-object-fit=\"cover\" srcset=\"https:\/\/henkilostopalvelut.avertas.fi\/wp-content\/uploads\/2024\/05\/image-8-1024x683.png 1024w, https:\/\/henkilostopalvelut.avertas.fi\/wp-content\/uploads\/2024\/05\/image-8-300x200.png 300w, https:\/\/henkilostopalvelut.avertas.fi\/wp-content\/uploads\/2024\/05\/image-8-768x512.png 768w, https:\/\/henkilostopalvelut.avertas.fi\/wp-content\/uploads\/2024\/05\/image-8.png 1124w\" sizes=\"(max-width: 1024px) 100vw, 1024px\" \/><div class=\"wp-block-cover__inner-container is-layout-flow wp-block-cover-is-layout-flow\">\n<p class=\"has-text-align-right\"><mark style=\"background-color:rgba(0, 0, 0, 0)\" class=\"has-inline-color has-white-color\">Haemme eri rakennusalan osaajia aput\u00f6ist\u00e4 vaativiin rakennusalan kohteisiin<\/mark><\/p>\n<\/div><\/div>\n\n\n\n<hr class=\"wp-block-separator has-alpha-channel-opacity\"\/>\n\n\n\n<h2 class=\"wp-block-heading\">Metallialan ammattilainen \/ Metal industry<\/h2>\n\n\n\n<div class=\"wp-block-cover has-custom-content-position is-position-center-right wp-duotone-grayscale\"><span aria-hidden=\"true\" class=\"wp-block-cover__background has-background-dim\"><\/span><img loading=\"lazy\" decoding=\"async\" width=\"1024\" height=\"683\" class=\"wp-block-cover__image-background wp-image-1669\" alt=\"\" src=\"https:\/\/henkilostopalvelut.avertas.fi\/wp-content\/uploads\/2024\/05\/image-1-1024x683.png\" data-object-fit=\"cover\" srcset=\"https:\/\/henkilostopalvelut.avertas.fi\/wp-content\/uploads\/2024\/05\/image-1-1024x683.png 1024w, https:\/\/henkilostopalvelut.avertas.fi\/wp-content\/uploads\/2024\/05\/image-1-300x200.png 300w, https:\/\/henkilostopalvelut.avertas.fi\/wp-content\/uploads\/2024\/05\/image-1-768x512.png 768w, https:\/\/henkilostopalvelut.avertas.fi\/wp-content\/uploads\/2024\/05\/image-1.png 1125w\" sizes=\"(max-width: 1024px) 100vw, 1024px\" \/><div class=\"wp-block-cover__inner-container is-layout-flow wp-block-cover-is-layout-flow\">\n<div class=\"wp-block-group\"><div class=\"wp-block-group__inner-container is-layout-constrained wp-block-group-is-layout-constrained\">\n<p><mark style=\"background-color:rgba(0, 0, 0, 0)\" class=\"has-inline-color has-white-color\">Haemme eri kohteisiin hitsaajia, koneistajia sek\u00e4 ohutlevyty\u00f6ntekij\u00f6it\u00e4<\/mark><\/p>\n<\/div><\/div>\n<\/div><\/div>\n\n\n\n<hr class=\"wp-block-separator has-alpha-channel-opacity\"\/>\n\n\n\n<h2 class=\"wp-block-heading\">Kuljetusalan ammattilainen \/ Transport sector<\/h2>\n\n\n\n<div class=\"wp-block-cover has-custom-content-position is-position-center-right wp-duotone-grayscale\"><span aria-hidden=\"true\" class=\"wp-block-cover__background has-background-dim\"><\/span><img loading=\"lazy\" decoding=\"async\" width=\"500\" height=\"750\" class=\"wp-block-cover__image-background wp-image-1670\" alt=\"\" src=\"https:\/\/henkilostopalvelut.avertas.fi\/wp-content\/uploads\/2024\/05\/image-2.png\" data-object-fit=\"cover\" srcset=\"https:\/\/henkilostopalvelut.avertas.fi\/wp-content\/uploads\/2024\/05\/image-2.png 500w, https:\/\/henkilostopalvelut.avertas.fi\/wp-content\/uploads\/2024\/05\/image-2-200x300.png 200w\" sizes=\"(max-width: 500px) 100vw, 500px\" \/><div class=\"wp-block-cover__inner-container is-layout-flow wp-block-cover-is-layout-flow\">\n<div class=\"wp-block-group\"><div class=\"wp-block-group__inner-container is-layout-constrained wp-block-group-is-layout-constrained\">\n<div class=\"wp-block-columns is-layout-flex wp-container-core-columns-is-layout-1 wp-block-columns-is-layout-flex\">\n<div class=\"wp-block-column is-layout-flow wp-block-column-is-layout-flow\" style=\"flex-basis:100%\">\n<blockquote class=\"wp-block-quote is-layout-flow wp-block-quote-is-layout-flow\">\n<p>Kuljetusalalle<mark style=\"background-color:rgba(0, 0, 0, 0)\" class=\"has-inline-color has-white-color\"> osaajia kaupunki- ja l\u00e4hiliikenteeseen<\/mark><\/p>\n<\/blockquote>\n<\/div>\n<\/div>\n<\/div><\/div>\n<\/div><\/div>\n\n\n\n<hr class=\"wp-block-separator has-alpha-channel-opacity\"\/>\n\n\n\n<h2 class=\"wp-block-heading\">Kiinteist\u00f6huollon osaaja \/ Property maintenance<\/h2>\n\n\n\n<div class=\"wp-block-cover has-custom-content-position is-position-center-right wp-duotone-grayscale\"><span aria-hidden=\"true\" class=\"wp-block-cover__background has-background-dim\"><\/span><img loading=\"lazy\" decoding=\"async\" width=\"500\" height=\"750\" class=\"wp-block-cover__image-background wp-image-1671\" alt=\"\" src=\"https:\/\/henkilostopalvelut.avertas.fi\/wp-content\/uploads\/2024\/05\/image-3.png\" data-object-fit=\"cover\" srcset=\"https:\/\/henkilostopalvelut.avertas.fi\/wp-content\/uploads\/2024\/05\/image-3.png 500w, https:\/\/henkilostopalvelut.avertas.fi\/wp-content\/uploads\/2024\/05\/image-3-200x300.png 200w\" sizes=\"(max-width: 500px) 100vw, 500px\" \/><div class=\"wp-block-cover__inner-container is-layout-flow wp-block-cover-is-layout-flow\">\n<ul>\n<li><mark style=\"background-color:rgba(0, 0, 0, 0)\" class=\"has-inline-color has-white-color\">Kiinteist\u00f6palvelun eri alan ty\u00f6teht\u00e4vi\u00e4 kiinteist\u00f6huollosta siivoukseen<\/mark><\/li>\n\n\n\n<li><mark style=\"background-color:rgba(0, 0, 0, 0)\" class=\"has-inline-color has-white-color\">Ty\u00f6nkuva on liikkuva &amp; ajokortti ty\u00f6teht\u00e4viss\u00e4 katsotaan eduksi<\/mark><\/li>\n<\/ul>\n\n\n\n<p><\/p>\n<\/div><\/div>\n\n\n\n<h2 class=\"wp-block-heading\">Olethan yhteydess\u00e4 meihin ty\u00f6nhakuprosessiin liittyviss\u00e4 kysymyksiss\u00e4! <\/h2>\n\n\n\n<pre class=\"wp-block-verse\"><strong>Rami Saari \/ toimitusjohtaja<br>0503726233<br>rami.saari(a)avertas.fi <\/strong><\/pre>\n","protected":false},"excerpt":{"rendered":"<p>P\u00e4ivitetty 21.5.2024 Rakennusalan osaaja \/ Construction industry Metallialan ammattilainen \/ Metal industry Kuljetusalan ammattilainen \/ Transport sector Kiinteist\u00f6huollon osaaja \/ Property maintenance Olethan yhteydess\u00e4 meihin ty\u00f6nhakuprosessiin liittyviss\u00e4 kysymyksiss\u00e4! Rami Saari \/ toimitusjohtaja0503726233rami.saari(a)avertas.fi<\/p>\n","protected":false},"author":2,"featured_media":0,"parent":0,"menu_order":0,"comment_status":"closed","ping_status":"closed","template":"","meta":{"footnotes":""},"_links":{"self":[{"href":"https:\/\/henkilostopalvelut.avertas.fi\/index.php?rest_route=\/wp\/v2\/pages\/1085"}],"collection":[{"href":"https:\/\/henkilostopalvelut.avertas.fi\/index.php?rest_route=\/wp\/v2\/pages"}],"about":[{"href":"https:\/\/henkilostopalvelut.avertas.fi\/index.php?rest_route=\/wp\/v2\/types\/page"}],"author":[{"embeddable":true,"href":"https:\/\/henkilostopalvelut.avertas.fi\/index.php?rest_route=\/wp\/v2\/users\/2"}],"replies":[{"embeddable":true,"href":"https:\/\/henkilostopalvelut.avertas.fi\/index.php?rest_route=%2Fwp%2Fv2%2Fcomments&post=1085"}],"version-history":[{"count":276,"href":"https:\/\/henkilostopalvelut.avertas.fi\/index.php?rest_route=\/wp\/v2\/pages\/1085\/revisions"}],"predecessor-version":[{"id":1689,"href":"https:\/\/henkilostopalvelut.avertas.fi\/index.php?rest_route=\/wp\/v2\/pages\/1085\/revisions\/1689"}],"wp:attachment":[{"href":"https:\/\/henkilostopalvelut.avertas.fi\/index.php?rest_route=%2Fwp%2Fv2%2Fmedia&parent=1085"}],"curies":[{"name":"wp","href":"https:\/\/api.w.org\/{rel}","templated":true}]}}